{"id":3798,"date":"2018-09-24T06:15:53","date_gmt":"2018-09-24T05:15:53","guid":{"rendered":"http:\/\/www.reflex-zlin.cz\/de\/zpracovani-osobnich-udaju\/"},"modified":"2018-09-24T06:15:53","modified_gmt":"2018-09-24T05:15:53","slug":"zpracovani-osobnich-udaju","status":"publish","type":"page","link":"https:\/\/www.reflex-zlin.cz\/de\/zpracovani-osobnich-udaju\/","title":{"rendered":"Information on personal data processing"},"content":{"rendered":"<h2><strong>INFORMATION\u00a0ON\u00a0PERSONAL\u00a0DATA\u00a0PROCESSING<\/strong><\/h2>\n<p>REFLEX Zl\u00edn, spol. s r.o. with a registered office at t\u0159\u00edda Tom\u00e1\u0161e Ba\u0165i 385 , 763 02 Zl\u00edn Company ID: 48911437, registered in the Commercial Register maintained by the Regional Court in Brno, Section C, Insert 11547 (hereinafter also \u201cWe\u201d) as a personal data controller on the basis of the Regulation (EU) No 2016\/679 of the European Parliament and of the Council, on the protection of natural persons with regard to the processing of personal data and on the free movement of such data and repealing Directive 95\/46\/EC (General Data Protection Regulation, hereinafter \u201cGDPR\u201d),\u00a0hereby informs you about the processing of your personal data.<\/p>\n<h3><strong>In addition, you will learn particularly:<\/strong><\/h3>\n<ol>\n<li>Which personal data we will process<\/li>\n<li>Purposes and how we process your personal data<\/li>\n<li>Processing and sharing of personal data<\/li>\n<li>How long we process your personal data<\/li>\n<li>Your rights to protection of personal data<\/li>\n<\/ol>\n<p><strong>If you have any\u00a0request or question relating to the processing of your personal data, please, contact us at <a href=\"mailto:reflex@reflex-zlin.cz\">reflex@reflex-zlin.cz<\/a> e-mail address at any time or directly at our headquarters.<\/strong><\/p>\n<h3><strong>Categories of personal data<\/strong><\/h3>\n<p>If you become our client, you may be asked to fill in certain details about yourself. These data are:<\/p>\n<ol>\n<li><strong>basic identification data<\/strong> \u2013 name, surname, title, company and CRN<\/li>\n<li><strong>contact details<\/strong> \u2013 phone number, e-mail address<\/li>\n<li><strong>transaction data<\/strong> \u2013 bank account number<\/li>\n<\/ol>\n<p>When you fill out the contact form at www.reflex-zlin.com\/contacts, you will be asked to fill out certain details about yourself. These data are:<\/p>\n<p>Your name and surname<\/p>\n<p>E-mail<\/p>\n<p>We do not follow you on our website, so we only process your personal data that you voluntarily provide.<\/p>\n<h3><strong>Security of personal data<\/strong><\/h3>\n<p>We pay great attention to the security of your personal data. We have established technical and organizational security measures to protect your personal data as much as possible against unauthorized access to them. In addition to security, we also use data encryption in some areas. The security features for data protection are continuously adapted to current state of technology.<\/p>\n<h3><strong>Source of personal data<\/strong><\/h3>\n<p>We acquire personal data from you or third parties authorized to pass on your personal data.<\/p>\n<h3><strong>Purpose of processing<\/strong><\/h3>\n<p>All personal data is processed in a legal and transparent way and only adequate, relevant and necessary personal data are required in relation to the purpose of the processing.<\/p>\n<h3><strong>We process your personal data to the extent necessary for the following purposes:<\/strong><\/h3>\n<ul>\n<li>on the basis of the obligations arising from contracts;<\/li>\n<li>on the basis of the obligations arising from the conditions of use of our services;<\/li>\n<li>on the basis of the obligations arising from generally binding legal regulations;<\/li>\n<li>keeping contacts with representatives of customers and business partners;<\/li>\n<li>to protect our rights and our legitimate interests;<\/li>\n<\/ul>\n<p>The submission of personal data for the purpose of fulfilment of the contract is our contractual requirement and if you do not provide us it may be the result of non-conclusion of the contract.<\/p>\n<p>In order to answer a query placed via contact form located at <a href=\"http:\/\/www.reflex-zlin.cz\/an\/contact\/\">www.reflex-zlin.cz\/an\/contact\/<\/a> we process your name, surname and e-mail address. If you do not provide us these personal data it could be the reason for not responding to your query.<\/p>\n<p><strong>We further process your name, surname and e-mail address for direct marketing purposes<\/strong>, when we can send you a business announcement to inform you about services offered by our company that we think you might be interested in. You are entitled to object at any time against the sending of commercial messages and to reject them at any time.<\/p>\n<h3><strong>Processors of personal data<\/strong><\/h3>\n<p>Your personal data are authorized to process on the basis of a contract for the processing of personal data those processors:<\/p>\n<ul>\n<li>logistics partners \u2013 contracting transport companies<\/li>\n<li>software, server, web, cloud or IT service managers or their business partners<\/li>\n<li>accounting office<\/li>\n<li>tax advisor<\/li>\n<\/ul>\n<p>The above processors provide guarantees to implement suitable technical and organization measures so that the processing of your personal data complies with the requirements set by GDPR and to ensure the protection of your rights.<\/p>\n<h3><strong>Method of processing personal data<\/strong><\/h3>\n<p>Your personal data is processed manually in written or electronic form and in case of answering inquires sent via the contact form located at <a href=\"https:\/\/www.reflex-zlin.cz\/de\/kontakt\/\">www.reflex-zlin.cz\/en\/contact\/<\/a> in an automated way in electronic form.<\/p>\n<h3><strong>Time of processing of personal data<\/strong><\/h3>\n<p>We will process your personal data for as long as we provide our services for a term of the contract with our company and for the time required to our statutory obligation set by law. Your personal data provided through the contact form located at <a href=\"https:\/\/www.reflex-zlin.cz\/de\/kontakt\/\">www.reflex-zlin.cz\/en\/contact\/<\/a> are authorized to process for the time necessary to answer a query, but not more than 7 days.<\/p>\n<h3><strong>Your rights under GDPR<\/strong><\/h3>\n<p>In relation to our processing of your personal data you have the following rights in accordance with GDPR:<\/p>\n<ul>\n<li>the right of access to personal data;<\/li>\n<li>the right to correction;<\/li>\n<li>the right for deletion (the \u201cright to be forgotten\u201d);<\/li>\n<li>the right to limit the processing of data;<\/li>\n<li>the right to object against processing; and<\/li>\n<li>the right to lodge a complaint for the processing of personal data.<\/li>\n<\/ul>\n<p><strong>You can use all your rights by contacting us at <a href=\"mailto:reflex@reflex-zlin.cz\">reflex@reflex-zlin.cz<\/a>.<\/strong><\/p>\n<p><strong>You may also lodge a complaint with the Office for Personal Data Protection (<a href=\"http:\/\/www.uoou.cz\">www.uoou.cz<\/a>). <\/strong><\/p>\n<p><strong>\u00a0<\/strong><strong>This processing of personal data is effective from 25. 05. 2018. <\/strong><\/p>\n","protected":false},"excerpt":{"rendered":"<p>INFORMATION\u00a0ON\u00a0PERSONAL\u00a0DATA\u00a0PROCESSING REFLEX Zl\u00edn, spol. s r.o. with a registered office at t\u0159\u00edda Tom\u00e1\u0161e Ba\u0165i 385 , 763 02 Zl\u00edn Company ID: 48911437, registered in the Commercial Register maintained by the Regional Court in Brno, Section C, Insert 11547 (hereinafter also \u201cWe\u201d) as a personal data controller on the basis of the Regulation (EU) No 2016\/679 [&hellip;]<\/p>\n","protected":false},"author":4,"featured_media":0,"parent":0,"menu_order":0,"comment_status":"closed","ping_status":"closed","template":"","meta":{"_crdt_document":"","footnotes":""},"class_list":["post-3798","page","type-page","status-publish","hentry"],"_links":{"self":[{"href":"https:\/\/www.reflex-zlin.cz\/de\/wp-json\/wp\/v2\/pages\/3798","targetHints":{"allow":["GET"]}}],"collection":[{"href":"https:\/\/www.reflex-zlin.cz\/de\/wp-json\/wp\/v2\/pages"}],"about":[{"href":"https:\/\/www.reflex-zlin.cz\/de\/wp-json\/wp\/v2\/types\/page"}],"author":[{"embeddable":true,"href":"https:\/\/www.reflex-zlin.cz\/de\/wp-json\/wp\/v2\/users\/4"}],"replies":[{"embeddable":true,"href":"https:\/\/www.reflex-zlin.cz\/de\/wp-json\/wp\/v2\/comments?post=3798"}],"version-history":[{"count":0,"href":"https:\/\/www.reflex-zlin.cz\/de\/wp-json\/wp\/v2\/pages\/3798\/revisions"}],"wp:attachment":[{"href":"https:\/\/www.reflex-zlin.cz\/de\/wp-json\/wp\/v2\/media?parent=3798"}],"curies":[{"name":"wp","href":"https:\/\/api.w.org\/{rel}","templated":true}]}}